{"id":489,"date":"2022-02-17T19:22:38","date_gmt":"2022-02-17T18:22:38","guid":{"rendered":"https:\/\/www.tabbuibiza.com\/?page_id=489"},"modified":"2022-07-06T10:52:39","modified_gmt":"2022-07-06T08:52:39","slug":"terms","status":"publish","type":"page","link":"https:\/\/www.tabbuibiza.com\/de\/terms\/","title":{"rendered":"AGBs"},"content":{"rendered":"<p><\/p>\n<p class=\"p1\">Der Kunde akzeptiert und best\u00e4tigt, dass er die Allgemeinen Gesch\u00e4ftsbedingungen, die auf dieser Website ver\u00f6ffentlicht wurden, gelesen hat und mit ihrer Geltung einverstanden ist.<span class=\"Apple-converted-space\">\u00a0<\/span><\/p>\n<p class=\"p1\">BITTE NEHMEN SIE UNSERE STORNIERUNGSBEDINGUNGEN ZUR KENNTNIS<\/p>\n<p class=\"p1\">Im Falle der Stornierung ab 7 Tage vor Anreise oder Nichtanreise (\u201eNo Show\u201c), wird Tabbu Ibiza Apartments die bei der Buchung angegebene Kreditkarte mit einer Stornierungsgeb\u00fchr in H\u00f6he des Preises einer \u00dcbernachtung pro gebuchtem Zimmer belasten.<span class=\"Apple-converted-space\">\u00a0<\/span><\/p>\n<p class=\"p1\">Im Falle der fr\u00fchzeitigen Abreise aus dem Apartment-Hotel wird Tabbu Ibiza Apartments den Gesamtbetrag des gebuchten Aufenthalts von dieser Kreditkarte abbuchen.<\/p>\n<p class=\"p1\">Nicht stornierbares Angebot:<span class=\"Apple-converted-space\">\u00a0<\/span><\/p>\n<p class=\"p1\">10% Rabatt auf Ihre Reservierung und eine einmalig aufgef\u00fcllte Mini-Bar.<\/p>\n<p class=\"p1\">Falls Sie sich f\u00fcr einen Aufenthalt in unseren Apartments entscheiden und sich f\u00fcr eine nicht erstattbare Reservierung entscheiden, d.h. keine \u00c4nderungen oder Stornierungen zulassen*, erhalten Sie 10% Rabatt auf den Endpreis Ihrer Reservierung. So einfach ist das!<\/p>\n<p class=\"p1\">*Der Betrag ist zu 100% bei Buchung f\u00e4llig. Achtung! Vorgenommene Buchungen k\u00f6nnen nicht storniert oder abge\u00e4ndert werden. Bereits bezahlte Betr\u00e4ge werden nicht zur\u00fcckerstattet.<\/p>\n<p class=\"p1\">Falls Sie Fragen zu Ihrer Buchung haben oder in irgendeiner Form Hilfe ben\u00f6tigen, so setzen Sie sich bitte mit unserem freundlichen Team in Verbindung:\u00a0<span class=\"Apple-converted-space\">\u00a0<\/span><\/p>\n<p class=\"p1\">Email: <a href=\"mailto:booking@tabbuibiza.com\"><span class=\"s1\">booking@tabbuibiza.com<\/span><\/a><\/p>\n<p class=\"p1\">Telefon: +34 971 394 528<\/p>\n<p class=\"p1\">Wir sind gerne f\u00fcr Sie da und werden unser Bestes tun, damit Sie Ihren Urlaub bei uns in bester Erinnerung behalten.<span class=\"Apple-converted-space\">\u00a0<\/span><\/p>\n<p class=\"p1\">Bezahlung:<\/p>\n<p class=\"p1\">Jede Buchung wird durch eine Kreditkarte best\u00e4tigt und garantiert. Bei Ankunft im Apartment-Hotel leistet der Kunde die volle Zahlung seines Aufenthalts, es sei denn er hat einen nicht erstattbaren Tarif gebucht, dessen Gesamtbetrag bereits zum Zeitpunkt der Buchung von der Kreditkarte des Kunden abgebucht wurde.\u00a0 Zum Zeitpunkt der Buchung beh\u00e4lt sich Tabbu Ibiza Apartments das Recht vor, den Preis der ersten \u00dcbernachtung als Buchungssicherheit von der Kreditkarte abzubuchen. Diese Sicherheitszahlung wird im Falle der Stornierung ab 3 Tage vor der Anreise nicht zur\u00fcckerstattet. Die Kreditkarte, die bei der Buchung angegeben wurde, muss im Apartment-Hotel durch den Karteninhaber vorgelegt werden und eben diese Person muss den Kreditkartenbeleg bei der Ankunft pers\u00f6nlich unterschreiben. Wenn der Kreditkarteninhaber selbst nicht im Apartment-Hotel untergebracht ist, wird das Apartment-Hotel bei der Anreise des Gastes den bereits abgebuchten Betrag auf die Kreditkarte zur\u00fcckbuchen und der Gast muss seinen Aufenthalt mit einer anderen g\u00fcltigen Kreditkarte oder bar bezahlen.<span class=\"Apple-converted-space\">\u00a0<\/span><\/p>\n<p class=\"p1\">Check-In und Check-Out Zeiten<\/p>\n<p class=\"p1\">Die Anreise ist ab 16 Uhr m\u00f6glich. Die Abreise muss vor 12 Uhr erfolgen. Sp\u00e4tere Check-Outs sind je nach Verf\u00fcgbarkeit und auf Anfrage m\u00f6glich. Bitte wenden Sie sich bez\u00fcglich der Kosten und Verf\u00fcgbarkeit an unsere Mitarbeiter an der Rezeption.<\/p>\n<p class=\"p1\">DAZU: Fr\u00fchst\u00fcck und Handtuchservice!!<\/p>\n<p><\/p>","protected":false},"excerpt":{"rendered":"<p>Der Kunde akzeptiert und best\u00e4tigt, dass er die Allgemeinen Gesch\u00e4ftsbedingungen, die auf dieser Website ver\u00f6ffentlicht wurden, gelesen hat und mit ihrer Geltung einverstanden ist.\u00a0 BITTE NEHMEN SIE UNSERE STORNIERUNGSBEDINGUNGEN ZUR KENNTNIS Im Falle der Stornierung ab 7 Tage vor Anreise oder Nichtanreise (\u201eNo Show\u201c), wird Tabbu Ibiza Apartments die bei der Buchung angegebene Kreditkarte mit [&hellip;]<\/p>\n","protected":false},"author":2,"featured_media":0,"parent":0,"menu_order":0,"comment_status":"closed","ping_status":"closed","template":"","meta":{"footnotes":""},"class_list":["post-489","page","type-page","status-publish","hentry"],"acf":[],"_links":{"self":[{"href":"https:\/\/www.tabbuibiza.com\/de\/wp-json\/wp\/v2\/pages\/489","targetHints":{"allow":["GET"]}}],"collection":[{"href":"https:\/\/www.tabbuibiza.com\/de\/wp-json\/wp\/v2\/pages"}],"about":[{"href":"https:\/\/www.tabbuibiza.com\/de\/wp-json\/wp\/v2\/types\/page"}],"author":[{"embeddable":true,"href":"https:\/\/www.tabbuibiza.com\/de\/wp-json\/wp\/v2\/users\/2"}],"replies":[{"embeddable":true,"href":"https:\/\/www.tabbuibiza.com\/de\/wp-json\/wp\/v2\/comments?post=489"}],"version-history":[{"count":11,"href":"https:\/\/www.tabbuibiza.com\/de\/wp-json\/wp\/v2\/pages\/489\/revisions"}],"predecessor-version":[{"id":2334,"href":"https:\/\/www.tabbuibiza.com\/de\/wp-json\/wp\/v2\/pages\/489\/revisions\/2334"}],"wp:attachment":[{"href":"https:\/\/www.tabbuibiza.com\/de\/wp-json\/wp\/v2\/media?parent=489"}],"curies":[{"name":"wp","href":"https:\/\/api.w.org\/{rel}","templated":true}]}}