{"id":35,"date":"2022-02-01T19:47:44","date_gmt":"2022-02-01T18:47:44","guid":{"rendered":"https:\/\/www.tabbuibiza.com\/?page_id=35"},"modified":"2022-07-06T10:45:58","modified_gmt":"2022-07-06T08:45:58","slug":"apartments","status":"publish","type":"page","link":"https:\/\/www.tabbuibiza.com\/es\/apartments\/","title":{"rendered":"Apartamentos"},"content":{"rendered":"<p><b>TABBU IBIZA<\/b><span style=\"font-weight: 400;\"> cuenta con <\/span><b>seis apartamentos independientes, totalmente equipados<\/b><span style=\"font-weight: 400;\">. Cada uno de ellos dispone de una habitaci\u00f3n doble, ba\u00f1o privado, cocina con electrodom\u00e9sticos, barra americana, sal\u00f3n con sof\u00e1 cama, televisi\u00f3n con canales internacionales, aire acondicionado y una gran terraza o balc\u00f3n orientados a la playa.\u00a0<\/span><\/p>\n<p><span style=\"font-weight: 400;\">Disponemos de dos tipos de apartamentos.<\/span><\/p>","protected":false},"excerpt":{"rendered":"<p>TABBU IBIZA cuenta con seis apartamentos independientes, totalmente equipados. Cada uno de ellos dispone de una habitaci\u00f3n doble, ba\u00f1o privado, cocina con electrodom\u00e9sticos, barra americana, sal\u00f3n con sof\u00e1 cama, televisi\u00f3n con canales internacionales, aire acondicionado y una gran terraza o balc\u00f3n orientados a la playa.\u00a0 Disponemos de dos tipos de apartamentos.<\/p>\n","protected":false},"author":2,"featured_media":0,"parent":0,"menu_order":-888,"comment_status":"closed","ping_status":"closed","template":"page-apartments.php","meta":{"footnotes":""},"class_list":["post-35","page","type-page","status-publish","hentry"],"acf":[],"_links":{"self":[{"href":"https:\/\/www.tabbuibiza.com\/es\/wp-json\/wp\/v2\/pages\/35","targetHints":{"allow":["GET"]}}],"collection":[{"href":"https:\/\/www.tabbuibiza.com\/es\/wp-json\/wp\/v2\/pages"}],"about":[{"href":"https:\/\/www.tabbuibiza.com\/es\/wp-json\/wp\/v2\/types\/page"}],"author":[{"embeddable":true,"href":"https:\/\/www.tabbuibiza.com\/es\/wp-json\/wp\/v2\/users\/2"}],"replies":[{"embeddable":true,"href":"https:\/\/www.tabbuibiza.com\/es\/wp-json\/wp\/v2\/comments?post=35"}],"version-history":[{"count":38,"href":"https:\/\/www.tabbuibiza.com\/es\/wp-json\/wp\/v2\/pages\/35\/revisions"}],"predecessor-version":[{"id":2332,"href":"https:\/\/www.tabbuibiza.com\/es\/wp-json\/wp\/v2\/pages\/35\/revisions\/2332"}],"wp:attachment":[{"href":"https:\/\/www.tabbuibiza.com\/es\/wp-json\/wp\/v2\/media?parent=35"}],"curies":[{"name":"wp","href":"https:\/\/api.w.org\/{rel}","templated":true}]}}