{"id":489,"date":"2022-02-17T19:22:38","date_gmt":"2022-02-17T18:22:38","guid":{"rendered":"https:\/\/www.tabbuibiza.com\/?page_id=489"},"modified":"2022-07-06T10:52:39","modified_gmt":"2022-07-06T08:52:39","slug":"terms","status":"publish","type":"page","link":"https:\/\/www.tabbuibiza.com\/es\/terms\/","title":{"rendered":"T\u00e9rminos y condiciones"},"content":{"rendered":"<p><\/p>\n<h3>INFORMACI\u00d3N IMPORTANTE<\/h3>\n<p><strong>Horarios de entrada y salida<\/strong><\/p>\n<p>El check in, hora de entrada,\u00a0Se establece, por norma general, a partir de las 2.00 p.m. y el check out, hora salida, se deber\u00e1 realizar antes de las 11.00 a.m, sin posibilidad de tramitar un late check out, salida posterior a este horario.<\/p>\n<p><strong>CHECK IN ONLINE<\/strong><br \/>\nConsiste en dar la posibilidad de completar el registro de entrada desde su m\u00f3vil en apenas unos segundos. As\u00ed el hu\u00e9sped podr\u00e1 introducir el mismo sus datos personales antes de su llegada.<\/p>\n<p><strong>CERRADURAS INTELIGENTES<\/strong><br \/>\nPosibilidad de acceder al apartamento de forma aut\u00f3noma. El hu\u00e9sped tras completar el check in online recibe un c\u00f3digo para acceder al apartamento.<\/p>","protected":false},"excerpt":{"rendered":"<p>INFORMACI\u00d3N IMPORTANTE Horarios de entrada y salida El check in, hora de entrada,\u00a0Se establece, por norma general, a partir de las 2.00 p.m. y el check out, hora salida, se deber\u00e1 realizar antes de las 11.00 a.m, sin posibilidad de tramitar un late check out, salida posterior a este horario. CHECK IN ONLINE Consiste en [&hellip;]<\/p>\n","protected":false},"author":2,"featured_media":0,"parent":0,"menu_order":0,"comment_status":"closed","ping_status":"closed","template":"","meta":{"footnotes":""},"class_list":["post-489","page","type-page","status-publish","hentry"],"acf":[],"_links":{"self":[{"href":"https:\/\/www.tabbuibiza.com\/es\/wp-json\/wp\/v2\/pages\/489","targetHints":{"allow":["GET"]}}],"collection":[{"href":"https:\/\/www.tabbuibiza.com\/es\/wp-json\/wp\/v2\/pages"}],"about":[{"href":"https:\/\/www.tabbuibiza.com\/es\/wp-json\/wp\/v2\/types\/page"}],"author":[{"embeddable":true,"href":"https:\/\/www.tabbuibiza.com\/es\/wp-json\/wp\/v2\/users\/2"}],"replies":[{"embeddable":true,"href":"https:\/\/www.tabbuibiza.com\/es\/wp-json\/wp\/v2\/comments?post=489"}],"version-history":[{"count":11,"href":"https:\/\/www.tabbuibiza.com\/es\/wp-json\/wp\/v2\/pages\/489\/revisions"}],"predecessor-version":[{"id":2334,"href":"https:\/\/www.tabbuibiza.com\/es\/wp-json\/wp\/v2\/pages\/489\/revisions\/2334"}],"wp:attachment":[{"href":"https:\/\/www.tabbuibiza.com\/es\/wp-json\/wp\/v2\/media?parent=489"}],"curies":[{"name":"wp","href":"https:\/\/api.w.org\/{rel}","templated":true}]}}