{"id":491,"date":"2022-02-17T19:24:43","date_gmt":"2022-02-17T18:24:43","guid":{"rendered":"https:\/\/www.tabbuibiza.com\/?page_id=491"},"modified":"2022-02-18T17:07:39","modified_gmt":"2022-02-18T16:07:39","slug":"legal-notice","status":"publish","type":"page","link":"https:\/\/www.tabbuibiza.com\/es\/legal-notice\/","title":{"rendered":"Pie de imprenta"},"content":{"rendered":"<p>BEACH PALACE GROUP, E.S.P.J<br \/>\nAVDA ESPA\u00f1A, NUM. 1<br \/>\nPLANTA 1, PUERTA D<br \/>\n07800 EIVISSA &#8211; (ILLES BALEARS)<\/p>\n<p>E-Mail: booking@tabbuibiza.com<br \/>\nTel\u00e9fono: +34 622 00 88 30<\/p>\n<p>Representado por:<br \/>\nChristian Charles Nickolai, Alberto Maldonado<\/p>\n<p>N\u00famero de identificaci\u00f3n fiscal:<br \/>\nN\u00famero de identificaci\u00f3n del impuesto sobre las ventas: (CIF) E16856981<br \/>\nN\u00famero de identificaci\u00f3n del impuesto europeo sobre las ventas: ESE16856981<\/p>\n<p>Resoluci\u00f3n de litigios en la UE:<br \/>\nLa Comisi\u00f3n Europea ofrece una plataforma de resoluci\u00f3n de litigios en l\u00ednea (ODR): https:\/\/ec.europa.eu\/consumers\/odr.<br \/>\nNuestra direcci\u00f3n de correo electr\u00f3nico se encuentra arriba en el aviso del sitio.<\/p>\n<p>No estamos dispuestos ni obligados a participar en un procedimiento de resoluci\u00f3n de conflictos ante una junta de arbitraje de consumo.<\/p>","protected":false},"excerpt":{"rendered":"<p>BEACH PALACE GROUP, E.S.P.J AVDA ESPA\u00f1A, NUM. 1 PLANTA 1, PUERTA D 07800 EIVISSA &#8211; (ILLES BALEARS) E-Mail: booking@tabbuibiza.com Tel\u00e9fono: +34 622 00 88 30 Representado por: Christian Charles Nickolai, Alberto Maldonado N\u00famero de identificaci\u00f3n fiscal: N\u00famero de identificaci\u00f3n del impuesto sobre las ventas: (CIF) E16856981 N\u00famero de identificaci\u00f3n del impuesto europeo sobre las ventas: [&hellip;]<\/p>\n","protected":false},"author":2,"featured_media":0,"parent":0,"menu_order":0,"comment_status":"closed","ping_status":"closed","template":"","meta":{"footnotes":""},"class_list":["post-491","page","type-page","status-publish","hentry"],"acf":[],"_links":{"self":[{"href":"https:\/\/www.tabbuibiza.com\/es\/wp-json\/wp\/v2\/pages\/491","targetHints":{"allow":["GET"]}}],"collection":[{"href":"https:\/\/www.tabbuibiza.com\/es\/wp-json\/wp\/v2\/pages"}],"about":[{"href":"https:\/\/www.tabbuibiza.com\/es\/wp-json\/wp\/v2\/types\/page"}],"author":[{"embeddable":true,"href":"https:\/\/www.tabbuibiza.com\/es\/wp-json\/wp\/v2\/users\/2"}],"replies":[{"embeddable":true,"href":"https:\/\/www.tabbuibiza.com\/es\/wp-json\/wp\/v2\/comments?post=491"}],"version-history":[{"count":3,"href":"https:\/\/www.tabbuibiza.com\/es\/wp-json\/wp\/v2\/pages\/491\/revisions"}],"predecessor-version":[{"id":522,"href":"https:\/\/www.tabbuibiza.com\/es\/wp-json\/wp\/v2\/pages\/491\/revisions\/522"}],"wp:attachment":[{"href":"https:\/\/www.tabbuibiza.com\/es\/wp-json\/wp\/v2\/media?parent=491"}],"curies":[{"name":"wp","href":"https:\/\/api.w.org\/{rel}","templated":true}]}}