{"id":197,"date":"2022-02-02T18:22:54","date_gmt":"2022-02-02T17:22:54","guid":{"rendered":"https:\/\/www.tabbuibiza.com\/?page_id=197"},"modified":"2022-06-09T19:04:37","modified_gmt":"2022-06-09T17:04:37","slug":"tapas-y-tablas","status":"publish","type":"page","link":"https:\/\/www.tabbuibiza.com\/fr\/tapas-y-tablas\/","title":{"rendered":"Tapas y Tablas"},"content":{"rendered":"<p><\/p>\n<p class=\"p1\">Notre restaurant maison vous souhaite la bienvenue et souhaite vous chouchouter avec de d\u00e9licieuses et authentiques tapas espagnols. Et ne manquez pas la grande s\u00e9lection de vins diff\u00e9rents et bi\u00e8res espagnoles.<\/p>\n<p class=\"p1\">\n<p><\/p>","protected":false},"excerpt":{"rendered":"<p>Notre restaurant maison vous souhaite la bienvenue et souhaite vous chouchouter avec de d\u00e9licieuses et authentiques tapas espagnols. Et ne manquez pas la grande s\u00e9lection de vins diff\u00e9rents et bi\u00e8res espagnoles.<\/p>\n","protected":false},"author":2,"featured_media":0,"parent":0,"menu_order":0,"comment_status":"closed","ping_status":"closed","template":"page-tapasytablas.php","meta":{"footnotes":""},"class_list":["post-197","page","type-page","status-publish","hentry"],"acf":[],"_links":{"self":[{"href":"https:\/\/www.tabbuibiza.com\/fr\/wp-json\/wp\/v2\/pages\/197","targetHints":{"allow":["GET"]}}],"collection":[{"href":"https:\/\/www.tabbuibiza.com\/fr\/wp-json\/wp\/v2\/pages"}],"about":[{"href":"https:\/\/www.tabbuibiza.com\/fr\/wp-json\/wp\/v2\/types\/page"}],"author":[{"embeddable":true,"href":"https:\/\/www.tabbuibiza.com\/fr\/wp-json\/wp\/v2\/users\/2"}],"replies":[{"embeddable":true,"href":"https:\/\/www.tabbuibiza.com\/fr\/wp-json\/wp\/v2\/comments?post=197"}],"version-history":[{"count":23,"href":"https:\/\/www.tabbuibiza.com\/fr\/wp-json\/wp\/v2\/pages\/197\/revisions"}],"predecessor-version":[{"id":2173,"href":"https:\/\/www.tabbuibiza.com\/fr\/wp-json\/wp\/v2\/pages\/197\/revisions\/2173"}],"wp:attachment":[{"href":"https:\/\/www.tabbuibiza.com\/fr\/wp-json\/wp\/v2\/media?parent=197"}],"curies":[{"name":"wp","href":"https:\/\/api.w.org\/{rel}","templated":true}]}}