{"id":200,"date":"2022-02-02T18:24:21","date_gmt":"2022-02-02T17:24:21","guid":{"rendered":"https:\/\/www.tabbuibiza.com\/?page_id=200"},"modified":"2022-06-09T18:53:39","modified_gmt":"2022-06-09T16:53:39","slug":"concierge","status":"publish","type":"page","link":"https:\/\/www.tabbuibiza.com\/fr\/concierge\/","title":{"rendered":"Concierge"},"content":{"rendered":"<p>En vacances, il y a ceux qui veulent juste se d\u00e9tendre et d\u00e9connecter, et ceux qui veulent vivre une exp\u00e9rience et \u00eatre actifs.<\/p>\n<p>Dans les deux cas, notre service de conciergerie est \u00e0 la disposition de nos clients 12\/24 heures. Ainsi, vous n&rsquo;avez \u00e0 vous soucier de rien que vous souhaitiez vous d\u00e9tendre sur une chaise longue toute la journ\u00e9e ou profiter au maximum de vos vacances \u00e0 Ibiza.<\/p>","protected":false},"excerpt":{"rendered":"<p>En vacances, il y a ceux qui veulent juste se d\u00e9tendre et d\u00e9connecter, et ceux qui veulent vivre une exp\u00e9rience et \u00eatre actifs. Dans les deux cas, notre service de conciergerie est \u00e0 la disposition de nos clients 12\/24 heures. Ainsi, vous n&rsquo;avez \u00e0 vous soucier de rien que vous souhaitiez vous d\u00e9tendre sur une [&hellip;]<\/p>\n","protected":false},"author":2,"featured_media":0,"parent":0,"menu_order":0,"comment_status":"closed","ping_status":"closed","template":"page-concierge.php","meta":{"footnotes":""},"class_list":["post-200","page","type-page","status-publish","hentry"],"acf":[],"_links":{"self":[{"href":"https:\/\/www.tabbuibiza.com\/fr\/wp-json\/wp\/v2\/pages\/200","targetHints":{"allow":["GET"]}}],"collection":[{"href":"https:\/\/www.tabbuibiza.com\/fr\/wp-json\/wp\/v2\/pages"}],"about":[{"href":"https:\/\/www.tabbuibiza.com\/fr\/wp-json\/wp\/v2\/types\/page"}],"author":[{"embeddable":true,"href":"https:\/\/www.tabbuibiza.com\/fr\/wp-json\/wp\/v2\/users\/2"}],"replies":[{"embeddable":true,"href":"https:\/\/www.tabbuibiza.com\/fr\/wp-json\/wp\/v2\/comments?post=200"}],"version-history":[{"count":12,"href":"https:\/\/www.tabbuibiza.com\/fr\/wp-json\/wp\/v2\/pages\/200\/revisions"}],"predecessor-version":[{"id":2168,"href":"https:\/\/www.tabbuibiza.com\/fr\/wp-json\/wp\/v2\/pages\/200\/revisions\/2168"}],"wp:attachment":[{"href":"https:\/\/www.tabbuibiza.com\/fr\/wp-json\/wp\/v2\/media?parent=200"}],"curies":[{"name":"wp","href":"https:\/\/api.w.org\/{rel}","templated":true}]}}