{"id":35,"date":"2022-02-01T19:47:44","date_gmt":"2022-02-01T18:47:44","guid":{"rendered":"https:\/\/www.tabbuibiza.com\/?page_id=35"},"modified":"2022-07-06T10:45:58","modified_gmt":"2022-07-06T08:45:58","slug":"apartments","status":"publish","type":"page","link":"https:\/\/www.tabbuibiza.com\/fr\/apartments\/","title":{"rendered":"Appartements"},"content":{"rendered":"<p><\/p>\n<p class=\"p1\">Tabbu Ibiza Aparthotel ont 6 \u00e9tages, une piscine et leur propre restaurant \u2013 \u00ab Tapas y Tablas \u00bb au rez-de-chauss\u00e9e. Tous les appartements disposent de l\u2019air conditionn\u00e9, d&rsquo;une chambre, d&rsquo;une salle de bain avec s\u00e8che-cheveux, d&rsquo;un salon-salle \u00e0 manger avec un canap\u00e9-lit, d&rsquo;une cuisine enti\u00e8rement \u00e9quip\u00e9e, d&rsquo;un coffre-fort et d&rsquo;une t\u00e9l\u00e9vision.<\/p>\n<p><\/p>","protected":false},"excerpt":{"rendered":"<p>Tabbu Ibiza Aparthotel ont 6 \u00e9tages, une piscine et leur propre restaurant \u2013 \u00ab Tapas y Tablas \u00bb au rez-de-chauss\u00e9e. Tous les appartements disposent de l\u2019air conditionn\u00e9, d&rsquo;une chambre, d&rsquo;une salle de bain avec s\u00e8che-cheveux, d&rsquo;un salon-salle \u00e0 manger avec un canap\u00e9-lit, d&rsquo;une cuisine enti\u00e8rement \u00e9quip\u00e9e, d&rsquo;un coffre-fort et d&rsquo;une t\u00e9l\u00e9vision.<\/p>\n","protected":false},"author":2,"featured_media":0,"parent":0,"menu_order":-888,"comment_status":"closed","ping_status":"closed","template":"page-apartments.php","meta":{"footnotes":""},"class_list":["post-35","page","type-page","status-publish","hentry"],"acf":[],"_links":{"self":[{"href":"https:\/\/www.tabbuibiza.com\/fr\/wp-json\/wp\/v2\/pages\/35","targetHints":{"allow":["GET"]}}],"collection":[{"href":"https:\/\/www.tabbuibiza.com\/fr\/wp-json\/wp\/v2\/pages"}],"about":[{"href":"https:\/\/www.tabbuibiza.com\/fr\/wp-json\/wp\/v2\/types\/page"}],"author":[{"embeddable":true,"href":"https:\/\/www.tabbuibiza.com\/fr\/wp-json\/wp\/v2\/users\/2"}],"replies":[{"embeddable":true,"href":"https:\/\/www.tabbuibiza.com\/fr\/wp-json\/wp\/v2\/comments?post=35"}],"version-history":[{"count":38,"href":"https:\/\/www.tabbuibiza.com\/fr\/wp-json\/wp\/v2\/pages\/35\/revisions"}],"predecessor-version":[{"id":2332,"href":"https:\/\/www.tabbuibiza.com\/fr\/wp-json\/wp\/v2\/pages\/35\/revisions\/2332"}],"wp:attachment":[{"href":"https:\/\/www.tabbuibiza.com\/fr\/wp-json\/wp\/v2\/media?parent=35"}],"curies":[{"name":"wp","href":"https:\/\/api.w.org\/{rel}","templated":true}]}}