{"id":489,"date":"2022-02-17T19:22:38","date_gmt":"2022-02-17T18:22:38","guid":{"rendered":"https:\/\/www.tabbuibiza.com\/?page_id=489"},"modified":"2022-07-06T10:52:39","modified_gmt":"2022-07-06T08:52:39","slug":"terms","status":"publish","type":"page","link":"https:\/\/www.tabbuibiza.com\/fr\/terms\/","title":{"rendered":"Modalit\u00e9s et conditions"},"content":{"rendered":"<p><\/p>\n<p class=\"p1\">Le client accepte et confirme qu&rsquo;il a lu et accepte les termes et conditions publi\u00e9s sur ce site web.<span class=\"Apple-converted-space\">\u00a0<\/span><\/p>\n<p class=\"p1\">VEUILLEZ NOTER NOTRE POLITIQUE D&rsquo;ANNULATION<\/p>\n<p class=\"p1\">En cas d&rsquo;annulation \u00e0 partir de 7 jours avant l&rsquo;arriv\u00e9e ou de non-pr\u00e9sentation, Tabbu Ibiza Apartotel facturera des frais d&rsquo;annulation \u00e9quivalents au prix d&rsquo;une nuit d&rsquo;h\u00e9bergement par chambre r\u00e9serv\u00e9e sur la carte de cr\u00e9dit fournie au moment de la r\u00e9servation.<\/p>\n<p class=\"p2\"><span class=\"Apple-converted-space\">\u00a0<\/span><\/p>\n<p class=\"p1\">En cas de d\u00e9part anticip\u00e9 de l\u2019appart\u2019h\u00f4tel, Tabbu Ibiza Apartotel d\u00e9bitera le montant total du s\u00e9jour r\u00e9serv\u00e9 sur cette carte de cr\u00e9dit.<\/p>\n<p class=\"p1\">Offre non r\u00e9vocable :<\/p>\n<p class=\"p1\">10 % de remise sur votre r\u00e9servation et une recharge unique du minibar.<\/p>\n<p class=\"p1\">Si vous d\u00e9cidez de s\u00e9journer dans nos appartements et optez pour une r\u00e9servation non remboursable, c&rsquo;est-\u00e0-dire qu&rsquo;elle ne permet ni changements ni annulations*, vous b\u00e9n\u00e9ficierez d&rsquo;une remise de 10 % sur le prix final de votre r\u00e9servation. Aussi simple que cela.<\/p>\n<p class=\"p1\">* Le montant est \u00e0 payer \u00e0 100 % au moment de la r\u00e9servation. Attention. Les r\u00e9servations effectu\u00e9es ne peuvent \u00eatre ni annul\u00e9es ni modifi\u00e9es. Les sommes d\u00e9j\u00e0 vers\u00e9es ne seront pas rembours\u00e9es.<\/p>\n<p class=\"p1\">Pour toute question concernant votre r\u00e9servation ou si vous avez besoin d&rsquo;aide en quoi que ce soit, veuillez contacter notre aimable personnel :<\/p>\n<p class=\"p1\">Courrier \u00e9lectronique : booking@tabbuibiza.com<\/p>\n<p class=\"p1\">T\u00e9l\u00e9phone : +34 622 00 88 30<\/p>\n<p class=\"p1\">Nous serons ravis de vous aider et nous ferons tout notre possible pour rendre vos vacances avec nous inoubliables.<span class=\"Apple-converted-space\">\u00a0<\/span><\/p>\n<p class=\"p1\">Le paiement :<\/p>\n<p class=\"p1\">Chaque r\u00e9servation est confirm\u00e9e et garantie par une carte de cr\u00e9dit. \u00c0 votre arriv\u00e9e \u00e0 l&rsquo;appart-h\u00f4tel, le client payera l\u2019int\u00e9gralit\u00e9 de son s\u00e9jour, sauf s&rsquo;il a r\u00e9serv\u00e9 un tarif non remboursable dont le montant total a d\u00e9j\u00e0 \u00e9t\u00e9 d\u00e9bit\u00e9 sur la carte de cr\u00e9dit du client au moment de la r\u00e9servation. Au moment de la r\u00e9servation, Tabbu Ibiza Apartotel se r\u00e9serve le droit de d\u00e9biter le prix de la premi\u00e8re nuit du s\u00e9jour sur la carte de cr\u00e9dit comme garantie de la r\u00e9servation. Cette garantie est non remboursable en cas d&rsquo;annulation \u00e0 partir de 3 jours avant la date d&rsquo;arriv\u00e9e. La carte de cr\u00e9dit fournie au moment de la r\u00e9servation doit \u00eatre pr\u00e9sent\u00e9e \u00e0 l&rsquo;h\u00f4tel par le titulaire de la carte et cette m\u00eame personne doit signer personnellement le re\u00e7u de la carte de cr\u00e9dit \u00e0 son arriv\u00e9e. Si le titulaire de la carte de cr\u00e9dit ne s\u00e9journe pas dans l\u2019appart\u2019h\u00f4tel, ce dernier remboursera le montant d\u00e9j\u00e0 d\u00e9bit\u00e9 de la carte de cr\u00e9dit \u00e0 l&rsquo;arriv\u00e9e du client et celui-ci devra payer son s\u00e9jour avec une autre carte de cr\u00e9dit valide ou en esp\u00e8ces.<span class=\"Apple-converted-space\">\u00a0<\/span><\/p>\n<p class=\"p1\">Horaires d&rsquo;arriv\u00e9e et de d\u00e9part<\/p>\n<p class=\"p1\">L&rsquo;arriv\u00e9e est possible \u00e0 partir de 16h00. Le d\u00e9part doit \u00eatre effectu\u00e9 avant 12h00. Les d\u00e9parts apr\u00e8s cette heure-l\u00e0 sont soumis \u00e0 disponibilit\u00e9 et sur demande. Veuillez contacter notre personnel de r\u00e9ception pour conna\u00eetre les co\u00fbts et la disponibilit\u00e9.<\/p>\n<p><\/p>","protected":false},"excerpt":{"rendered":"<p>Le client accepte et confirme qu&rsquo;il a lu et accepte les termes et conditions publi\u00e9s sur ce site web.\u00a0 VEUILLEZ NOTER NOTRE POLITIQUE D&rsquo;ANNULATION En cas d&rsquo;annulation \u00e0 partir de 7 jours avant l&rsquo;arriv\u00e9e ou de non-pr\u00e9sentation, Tabbu Ibiza Apartotel facturera des frais d&rsquo;annulation \u00e9quivalents au prix d&rsquo;une nuit d&rsquo;h\u00e9bergement par chambre r\u00e9serv\u00e9e sur la [&hellip;]<\/p>\n","protected":false},"author":2,"featured_media":0,"parent":0,"menu_order":0,"comment_status":"closed","ping_status":"closed","template":"","meta":{"footnotes":""},"class_list":["post-489","page","type-page","status-publish","hentry"],"acf":[],"_links":{"self":[{"href":"https:\/\/www.tabbuibiza.com\/fr\/wp-json\/wp\/v2\/pages\/489","targetHints":{"allow":["GET"]}}],"collection":[{"href":"https:\/\/www.tabbuibiza.com\/fr\/wp-json\/wp\/v2\/pages"}],"about":[{"href":"https:\/\/www.tabbuibiza.com\/fr\/wp-json\/wp\/v2\/types\/page"}],"author":[{"embeddable":true,"href":"https:\/\/www.tabbuibiza.com\/fr\/wp-json\/wp\/v2\/users\/2"}],"replies":[{"embeddable":true,"href":"https:\/\/www.tabbuibiza.com\/fr\/wp-json\/wp\/v2\/comments?post=489"}],"version-history":[{"count":11,"href":"https:\/\/www.tabbuibiza.com\/fr\/wp-json\/wp\/v2\/pages\/489\/revisions"}],"predecessor-version":[{"id":2334,"href":"https:\/\/www.tabbuibiza.com\/fr\/wp-json\/wp\/v2\/pages\/489\/revisions\/2334"}],"wp:attachment":[{"href":"https:\/\/www.tabbuibiza.com\/fr\/wp-json\/wp\/v2\/media?parent=489"}],"curies":[{"name":"wp","href":"https:\/\/api.w.org\/{rel}","templated":true}]}}