{"id":493,"date":"2022-02-17T19:27:38","date_gmt":"2022-02-17T18:27:38","guid":{"rendered":"https:\/\/www.tabbuibiza.com\/?page_id=493"},"modified":"2022-07-06T10:51:51","modified_gmt":"2022-07-06T08:51:51","slug":"disclaimer","status":"publish","type":"page","link":"https:\/\/www.tabbuibiza.com\/fr\/disclaimer\/","title":{"rendered":"Disclaimer"},"content":{"rendered":"<p><\/p>\n<h3>Responsabilit\u00e9 du contenu<\/h3>\n<p>En tant que prestataires de services, nous sommes responsables du contenu de ces sites. Cependant, les prestataires de services ne sont pas tenus de surveiller en permanence les informations soumises ou stock\u00e9es, ni de rechercher des preuves d&rsquo;activit\u00e9s ill\u00e9gales.<\/p>\n<p>Les obligations l\u00e9gales de supprimer des informations ou de bloquer l&rsquo;utilisation d&rsquo;informations ne sont pas remises en cause. Dans ce cas, la responsabilit\u00e9 n&rsquo;est possible qu&rsquo;au moment de la connaissance d&rsquo;une violation sp\u00e9cifique de la loi. Les contenus ill\u00e9gaux seront supprim\u00e9s d\u00e8s que nous en aurons connaissance.<\/p>\n<h3>Responsabilit\u00e9 pour les liens<\/h3>\n<p>Notre offre comprend des liens vers des sites Web externes de tiers. Nous n&rsquo;avons aucune influence sur le contenu de ces sites et ne pouvons donc pas nous porter garants de leur contenu. Les fournisseurs ou administrateurs des sites li\u00e9s sont toujours responsables de leurs propres contenus.<\/p>\n<p>Les sites li\u00e9s ont \u00e9t\u00e9 contr\u00f4l\u00e9s au moment de l&rsquo;\u00e9tablissement du lien quant \u00e0 d&rsquo;\u00e9ventuelles violations de la loi. Aucun contenu ill\u00e9gal n&rsquo;a \u00e9t\u00e9 d\u00e9tect\u00e9 au moment de l&rsquo;\u00e9tablissement du lien. Un contr\u00f4le permanent du contenu des sites li\u00e9s ne peut \u00eatre impos\u00e9 sans indices raisonnables d&rsquo;une violation de la loi. Les liens ill\u00e9gaux seront imm\u00e9diatement supprim\u00e9s d\u00e8s que nous en aurons connaissance.<\/p>\n<h3>Droits d&rsquo;auteur<\/h3>\n<p>Les contenus et les compilations publi\u00e9s sur ces sites par les fournisseurs sont soumis au droit d&rsquo;auteur allemand. La reproduction, l&rsquo;\u00e9dition, la distribution ainsi que l&rsquo;utilisation de toute sorte en dehors du cadre de la loi sur le droit d&rsquo;auteur n\u00e9cessitent une autorisation \u00e9crite de l&rsquo;auteur ou du cr\u00e9ateur. Les t\u00e9l\u00e9chargements et les copies de ces sites web ne sont autoris\u00e9s que pour un usage priv\u00e9.<br \/>\nL&rsquo;utilisation commerciale de nos contenus sans l&rsquo;autorisation de l&rsquo;auteur est interdite.<\/p>\n<p>Les droits d&rsquo;auteur de tiers sont respect\u00e9s dans la mesure o\u00f9 les contenus de ces sites ne proviennent pas du fournisseur. Les contributions de tiers sur ce site sont indiqu\u00e9es comme telles. Toutefois, si vous constatez une quelconque violation du droit d&rsquo;auteur, veuillez nous en informer. De tels contenus seront imm\u00e9diatement supprim\u00e9s.<\/p>","protected":false},"excerpt":{"rendered":"<p>Responsabilit\u00e9 du contenu En tant que prestataires de services, nous sommes responsables du contenu de ces sites. Cependant, les prestataires de services ne sont pas tenus de surveiller en permanence les informations soumises ou stock\u00e9es, ni de rechercher des preuves d&rsquo;activit\u00e9s ill\u00e9gales. Les obligations l\u00e9gales de supprimer des informations ou de bloquer l&rsquo;utilisation d&rsquo;informations ne [&hellip;]<\/p>\n","protected":false},"author":2,"featured_media":0,"parent":0,"menu_order":0,"comment_status":"closed","ping_status":"closed","template":"","meta":{"footnotes":""},"class_list":["post-493","page","type-page","status-publish","hentry"],"acf":[],"_links":{"self":[{"href":"https:\/\/www.tabbuibiza.com\/fr\/wp-json\/wp\/v2\/pages\/493","targetHints":{"allow":["GET"]}}],"collection":[{"href":"https:\/\/www.tabbuibiza.com\/fr\/wp-json\/wp\/v2\/pages"}],"about":[{"href":"https:\/\/www.tabbuibiza.com\/fr\/wp-json\/wp\/v2\/types\/page"}],"author":[{"embeddable":true,"href":"https:\/\/www.tabbuibiza.com\/fr\/wp-json\/wp\/v2\/users\/2"}],"replies":[{"embeddable":true,"href":"https:\/\/www.tabbuibiza.com\/fr\/wp-json\/wp\/v2\/comments?post=493"}],"version-history":[{"count":6,"href":"https:\/\/www.tabbuibiza.com\/fr\/wp-json\/wp\/v2\/pages\/493\/revisions"}],"predecessor-version":[{"id":2333,"href":"https:\/\/www.tabbuibiza.com\/fr\/wp-json\/wp\/v2\/pages\/493\/revisions\/2333"}],"wp:attachment":[{"href":"https:\/\/www.tabbuibiza.com\/fr\/wp-json\/wp\/v2\/media?parent=493"}],"curies":[{"name":"wp","href":"https:\/\/api.w.org\/{rel}","templated":true}]}}